{"id":36,"date":"2022-09-08T08:55:12","date_gmt":"2022-09-08T08:55:12","guid":{"rendered":"https:\/\/privatemadridguidedtours.com\/?page_id=36"},"modified":"2022-09-09T13:01:51","modified_gmt":"2022-09-09T13:01:51","slug":"rutas-gastronomicas","status":"publish","type":"page","link":"https:\/\/privatemadridguidedtours.com\/?page_id=36","title":{"rendered":"Rutas Gastron\u00f3micas"},"content":{"rendered":"\t\t<div data-elementor-type=\"wp-page\" data-elementor-id=\"36\" class=\"elementor elementor-36\">\n\t\t\t\t\t\t<section class=\"elementor-section elementor-top-section elementor-element elementor-element-cd97978 elementor-section-boxed elementor-section-height-default elementor-section-height-default\" data-id=\"cd97978\" data-element_type=\"section\">\n\t\t\t\t\t\t<div class=\"elementor-container elementor-column-gap-default\">\n\t\t\t\t\t<div class=\"elementor-column elementor-col-100 elementor-top-column elementor-element elementor-element-4c370ce\" data-id=\"4c370ce\" data-element_type=\"column\">\n\t\t\t<div class=\"elementor-widget-wrap elementor-element-populated\">\n\t\t\t\t\t\t<div class=\"elementor-element elementor-element-dd3de9f elementor-widget elementor-widget-spacer\" data-id=\"dd3de9f\" data-element_type=\"widget\" data-widget_type=\"spacer.default\">\n\t\t\t\t<div class=\"elementor-widget-container\">\n\t\t\t\t\t\t\t<div class=\"elementor-spacer\">\n\t\t\t<div class=\"elementor-spacer-inner\"><\/div>\n\t\t<\/div>\n\t\t\t\t\t\t<\/div>\n\t\t\t\t<\/div>\n\t\t\t\t\t<\/div>\n\t\t<\/div>\n\t\t\t\t\t<\/div>\n\t\t<\/section>\n\t\t\t\t<section class=\"elementor-section elementor-top-section elementor-element elementor-element-67ff291 elementor-section-boxed elementor-section-height-default elementor-section-height-default\" data-id=\"67ff291\" data-element_type=\"section\">\n\t\t\t\t\t\t<div class=\"elementor-container elementor-column-gap-default\">\n\t\t\t\t\t<div class=\"elementor-column elementor-col-50 elementor-top-column elementor-element elementor-element-18763dd\" data-id=\"18763dd\" data-element_type=\"column\">\n\t\t\t<div class=\"elementor-widget-wrap elementor-element-populated\">\n\t\t\t\t\t\t<div class=\"elementor-element elementor-element-1920501 elementor-widget elementor-widget-heading\" data-id=\"1920501\" data-element_type=\"widget\" data-widget_type=\"heading.default\">\n\t\t\t\t<div class=\"elementor-widget-container\">\n\t\t\t\t\t<h2 class=\"elementor-heading-title elementor-size-default\">RUTAS GASTRON\u00d3MICAS<\/h2>\t\t\t\t<\/div>\n\t\t\t\t<\/div>\n\t\t\t\t\t<\/div>\n\t\t<\/div>\n\t\t\t\t<div class=\"elementor-column elementor-col-50 elementor-top-column elementor-element elementor-element-49854d9\" data-id=\"49854d9\" data-element_type=\"column\">\n\t\t\t<div class=\"elementor-widget-wrap elementor-element-populated\">\n\t\t\t\t\t\t<div class=\"elementor-element elementor-element-45a3fa5 elementor-widget elementor-widget-heading\" data-id=\"45a3fa5\" data-element_type=\"widget\" data-widget_type=\"heading.default\">\n\t\t\t\t<div class=\"elementor-widget-container\">\n\t\t\t\t\t<h2 class=\"elementor-heading-title elementor-size-default\">TAPAS Y VINOS<\/h2>\t\t\t\t<\/div>\n\t\t\t\t<\/div>\n\t\t\t\t\t<\/div>\n\t\t<\/div>\n\t\t\t\t\t<\/div>\n\t\t<\/section>\n\t\t\t\t<section class=\"elementor-section elementor-top-section elementor-element elementor-element-112e5c5 elementor-section-boxed elementor-section-height-default elementor-section-height-default\" data-id=\"112e5c5\" data-element_type=\"section\">\n\t\t\t\t\t\t<div class=\"elementor-container elementor-column-gap-default\">\n\t\t\t\t\t<div class=\"elementor-column elementor-col-100 elementor-top-column elementor-element elementor-element-2f16639\" data-id=\"2f16639\" data-element_type=\"column\">\n\t\t\t<div class=\"elementor-widget-wrap elementor-element-populated\">\n\t\t\t\t\t\t<div class=\"elementor-element elementor-element-cf145b6 elementor-widget elementor-widget-spacer\" data-id=\"cf145b6\" data-element_type=\"widget\" data-widget_type=\"spacer.default\">\n\t\t\t\t<div class=\"elementor-widget-container\">\n\t\t\t\t\t\t\t<div class=\"elementor-spacer\">\n\t\t\t<div class=\"elementor-spacer-inner\"><\/div>\n\t\t<\/div>\n\t\t\t\t\t\t<\/div>\n\t\t\t\t<\/div>\n\t\t\t\t\t<\/div>\n\t\t<\/div>\n\t\t\t\t\t<\/div>\n\t\t<\/section>\n\t\t\t\t<section class=\"elementor-section elementor-top-section elementor-element elementor-element-d65319c elementor-section-boxed elementor-section-height-default elementor-section-height-default\" data-id=\"d65319c\" data-element_type=\"section\">\n\t\t\t\t\t\t<div class=\"elementor-container elementor-column-gap-default\">\n\t\t\t\t\t<div class=\"elementor-column elementor-col-100 elementor-top-column elementor-element elementor-element-140a6b7\" data-id=\"140a6b7\" data-element_type=\"column\">\n\t\t\t<div class=\"elementor-widget-wrap elementor-element-populated\">\n\t\t\t\t\t\t<div class=\"elementor-element elementor-element-45177da elementor-widget elementor-widget-heading\" data-id=\"45177da\" data-element_type=\"widget\" data-widget_type=\"heading.default\">\n\t\t\t\t<div class=\"elementor-widget-container\">\n\t\t\t\t\t<h2 class=\"elementor-heading-title elementor-size-default\">Madrid Tapas Tour<\/h2>\t\t\t\t<\/div>\n\t\t\t\t<\/div>\n\t\t\t\t\t<\/div>\n\t\t<\/div>\n\t\t\t\t\t<\/div>\n\t\t<\/section>\n\t\t\t\t<section class=\"elementor-section elementor-top-section elementor-element elementor-element-0847c34 elementor-section-boxed elementor-section-height-default elementor-section-height-default\" data-id=\"0847c34\" data-element_type=\"section\">\n\t\t\t\t\t\t<div class=\"elementor-container elementor-column-gap-default\">\n\t\t\t\t\t<div class=\"elementor-column elementor-col-100 elementor-top-column elementor-element elementor-element-c8dd2ea\" data-id=\"c8dd2ea\" data-element_type=\"column\">\n\t\t\t<div class=\"elementor-widget-wrap elementor-element-populated\">\n\t\t\t\t\t\t<section class=\"elementor-section elementor-inner-section elementor-element elementor-element-2b7270e elementor-section-boxed elementor-section-height-default elementor-section-height-default\" data-id=\"2b7270e\" data-element_type=\"section\">\n\t\t\t\t\t\t<div class=\"elementor-container elementor-column-gap-default\">\n\t\t\t\t\t<div class=\"elementor-column elementor-col-50 elementor-inner-column elementor-element elementor-element-b734347\" data-id=\"b734347\" data-element_type=\"column\">\n\t\t\t<div class=\"elementor-widget-wrap elementor-element-populated\">\n\t\t\t\t\t\t<div class=\"elementor-element elementor-element-1d288fa elementor-widget elementor-widget-image\" data-id=\"1d288fa\" data-element_type=\"widget\" data-widget_type=\"image.default\">\n\t\t\t\t<div class=\"elementor-widget-container\">\n\t\t\t\t\t\t\t\t\t\t\t\t\t\t\t<img fetchpriority=\"high\" decoding=\"async\" width=\"800\" height=\"800\" src=\"https:\/\/privatemadridguidedtours.com\/wp-content\/uploads\/2022\/09\/Madrid-Tapas-Tour-1-1024x1024.jpg\" class=\"attachment-large size-large wp-image-214\" alt=\"\" srcset=\"https:\/\/privatemadridguidedtours.com\/wp-content\/uploads\/2022\/09\/Madrid-Tapas-Tour-1-1024x1024.jpg 1024w, https:\/\/privatemadridguidedtours.com\/wp-content\/uploads\/2022\/09\/Madrid-Tapas-Tour-1-300x300.jpg 300w, https:\/\/privatemadridguidedtours.com\/wp-content\/uploads\/2022\/09\/Madrid-Tapas-Tour-1-150x150.jpg 150w, https:\/\/privatemadridguidedtours.com\/wp-content\/uploads\/2022\/09\/Madrid-Tapas-Tour-1-768x768.jpg 768w, https:\/\/privatemadridguidedtours.com\/wp-content\/uploads\/2022\/09\/Madrid-Tapas-Tour-1.jpg 1200w\" sizes=\"(max-width: 800px) 100vw, 800px\" \/>\t\t\t\t\t\t\t\t\t\t\t\t\t\t\t<\/div>\n\t\t\t\t<\/div>\n\t\t\t\t\t<\/div>\n\t\t<\/div>\n\t\t\t\t<div class=\"elementor-column elementor-col-50 elementor-inner-column elementor-element elementor-element-2c9de3b\" data-id=\"2c9de3b\" data-element_type=\"column\">\n\t\t\t<div class=\"elementor-widget-wrap elementor-element-populated\">\n\t\t\t\t\t\t<div class=\"elementor-element elementor-element-558dc3a elementor-widget elementor-widget-text-editor\" data-id=\"558dc3a\" data-element_type=\"widget\" data-widget_type=\"text-editor.default\">\n\t\t\t\t<div class=\"elementor-widget-container\">\n\t\t\t\t\t\t\t\t\t<p>Conozca el verdadero estilo de vida espa\u00f1ol con la comida y la bebida tradicionales. Nuestro objetivo es dejarle con un sentimiento duradero por la ciudad y su gente, mientras se deleita con fabulosas tapas y bebidas.<\/p><p>En la visita repasaremos los or\u00edgenes hist\u00f3ricos de las tapas en Espa\u00f1a y el posterior desarrollo y visita de los antiguos Mesones Castellanos.<\/p><p><br \/>Pasearemos por los rincones m\u00e1s encantadores y emocionantes del Madrid hist\u00f3rico y nos detendremos en las tabernas y bares\/restaurantes m\u00e1s tradicionales para degustar aut\u00e9nticas delicias espa\u00f1olas, que pueden incluir chorizo a la sidra, mariscos, \u00abtapitas y pinchos\u00bb -similares a canap\u00e9s- con vinos finos o de Jerez.<\/p><p><br \/>A lo largo del recorrido le ayudaremos con la traducci\u00f3n mientras le proporcionamos datos locales interesantes sobre la tradici\u00f3n, la historia, los personajes literarios famosos que han vivido aqu\u00ed, y los mitos de Madrid, y por otro lado, le explicamos la tradici\u00f3n de la comida y el vino mientras le aconsejamos sobre las especialidades locales.<\/p><p><br \/><strong>Duraci\u00f3n: 4 horas.<\/strong><br \/><strong>Precio de la gu\u00eda. Las tapas corren a cargo del cliente.<\/strong><br \/><br \/><\/p>\t\t\t\t\t\t\t\t<\/div>\n\t\t\t\t<\/div>\n\t\t\t\t\t<\/div>\n\t\t<\/div>\n\t\t\t\t\t<\/div>\n\t\t<\/section>\n\t\t\t\t\t<\/div>\n\t\t<\/div>\n\t\t\t\t\t<\/div>\n\t\t<\/section>\n\t\t\t\t<section class=\"elementor-section elementor-top-section elementor-element elementor-element-392a3dd elementor-section-boxed elementor-section-height-default elementor-section-height-default\" data-id=\"392a3dd\" data-element_type=\"section\">\n\t\t\t\t\t\t<div class=\"elementor-container elementor-column-gap-default\">\n\t\t\t\t\t<div class=\"elementor-column elementor-col-100 elementor-top-column elementor-element elementor-element-5104369\" data-id=\"5104369\" data-element_type=\"column\">\n\t\t\t<div class=\"elementor-widget-wrap elementor-element-populated\">\n\t\t\t\t\t\t<div class=\"elementor-element elementor-element-817242a elementor-widget elementor-widget-spacer\" data-id=\"817242a\" data-element_type=\"widget\" data-widget_type=\"spacer.default\">\n\t\t\t\t<div class=\"elementor-widget-container\">\n\t\t\t\t\t\t\t<div class=\"elementor-spacer\">\n\t\t\t<div class=\"elementor-spacer-inner\"><\/div>\n\t\t<\/div>\n\t\t\t\t\t\t<\/div>\n\t\t\t\t<\/div>\n\t\t\t\t\t<\/div>\n\t\t<\/div>\n\t\t\t\t\t<\/div>\n\t\t<\/section>\n\t\t\t\t<section class=\"elementor-section elementor-top-section elementor-element elementor-element-2c27e0f elementor-section-boxed elementor-section-height-default elementor-section-height-default\" data-id=\"2c27e0f\" data-element_type=\"section\">\n\t\t\t\t\t\t<div class=\"elementor-container elementor-column-gap-default\">\n\t\t\t\t\t<div class=\"elementor-column elementor-col-100 elementor-top-column elementor-element elementor-element-2ff625d\" data-id=\"2ff625d\" data-element_type=\"column\">\n\t\t\t<div class=\"elementor-widget-wrap elementor-element-populated\">\n\t\t\t\t\t\t<div class=\"elementor-element elementor-element-853739d elementor-widget elementor-widget-heading\" data-id=\"853739d\" data-element_type=\"widget\" data-widget_type=\"heading.default\">\n\t\t\t\t<div class=\"elementor-widget-container\">\n\t\t\t\t\t<h2 class=\"elementor-heading-title elementor-size-default\">Enoturismo alredores Madrid<\/h2>\t\t\t\t<\/div>\n\t\t\t\t<\/div>\n\t\t\t\t<div class=\"elementor-element elementor-element-6c4e737 elementor-widget elementor-widget-heading\" data-id=\"6c4e737\" data-element_type=\"widget\" data-widget_type=\"heading.default\">\n\t\t\t\t<div class=\"elementor-widget-container\">\n\t\t\t\t\t<h2 class=\"elementor-heading-title elementor-size-default\">Modalidad: Grupos 1 a 4  personas | Con ni\u00f1os hasta 6 personas<\/h2>\t\t\t\t<\/div>\n\t\t\t\t<\/div>\n\t\t\t\t\t<\/div>\n\t\t<\/div>\n\t\t\t\t\t<\/div>\n\t\t<\/section>\n\t\t\t\t<section class=\"elementor-section elementor-top-section elementor-element elementor-element-0e12bcb elementor-section-boxed elementor-section-height-default elementor-section-height-default\" data-id=\"0e12bcb\" data-element_type=\"section\">\n\t\t\t\t\t\t<div class=\"elementor-container elementor-column-gap-default\">\n\t\t\t\t\t<div class=\"elementor-column elementor-col-100 elementor-top-column elementor-element elementor-element-27999bd\" data-id=\"27999bd\" data-element_type=\"column\">\n\t\t\t<div class=\"elementor-widget-wrap elementor-element-populated\">\n\t\t\t\t\t\t<section class=\"elementor-section elementor-inner-section elementor-element elementor-element-80f933b elementor-section-boxed elementor-section-height-default elementor-section-height-default\" data-id=\"80f933b\" data-element_type=\"section\">\n\t\t\t\t\t\t<div class=\"elementor-container elementor-column-gap-default\">\n\t\t\t\t\t<div class=\"elementor-column elementor-col-50 elementor-inner-column elementor-element elementor-element-743bf93\" data-id=\"743bf93\" data-element_type=\"column\">\n\t\t\t<div class=\"elementor-widget-wrap elementor-element-populated\">\n\t\t\t\t\t\t<div class=\"elementor-element elementor-element-2f6be55 elementor-widget elementor-widget-image\" data-id=\"2f6be55\" data-element_type=\"widget\" data-widget_type=\"image.default\">\n\t\t\t\t<div class=\"elementor-widget-container\">\n\t\t\t\t\t\t\t\t\t\t\t\t\t\t\t<img decoding=\"async\" width=\"800\" height=\"534\" src=\"https:\/\/privatemadridguidedtours.com\/wp-content\/uploads\/2022\/09\/wine-gd650b38b0_1920-1024x683.jpg\" class=\"attachment-large size-large wp-image-213\" alt=\"\" srcset=\"https:\/\/privatemadridguidedtours.com\/wp-content\/uploads\/2022\/09\/wine-gd650b38b0_1920-1024x683.jpg 1024w, https:\/\/privatemadridguidedtours.com\/wp-content\/uploads\/2022\/09\/wine-gd650b38b0_1920-300x200.jpg 300w, https:\/\/privatemadridguidedtours.com\/wp-content\/uploads\/2022\/09\/wine-gd650b38b0_1920-768x512.jpg 768w, https:\/\/privatemadridguidedtours.com\/wp-content\/uploads\/2022\/09\/wine-gd650b38b0_1920-1536x1025.jpg 1536w, https:\/\/privatemadridguidedtours.com\/wp-content\/uploads\/2022\/09\/wine-gd650b38b0_1920.jpg 1920w\" sizes=\"(max-width: 800px) 100vw, 800px\" \/>\t\t\t\t\t\t\t\t\t\t\t\t\t\t\t<\/div>\n\t\t\t\t<\/div>\n\t\t\t\t\t<\/div>\n\t\t<\/div>\n\t\t\t\t<div class=\"elementor-column elementor-col-50 elementor-inner-column elementor-element elementor-element-3e4c749\" data-id=\"3e4c749\" data-element_type=\"column\">\n\t\t\t<div class=\"elementor-widget-wrap elementor-element-populated\">\n\t\t\t\t\t\t<div class=\"elementor-element elementor-element-e6027db elementor-widget elementor-widget-text-editor\" data-id=\"e6027db\" data-element_type=\"widget\" data-widget_type=\"text-editor.default\">\n\t\t\t\t<div class=\"elementor-widget-container\">\n\t\t\t\t\t\t\t\t\t<p>Enoturismo en los alrededores de Madrid (Regi\u00f3n Sureste).Incluye cata de vinos en un antiguo Convento del siglo XVII en Colmenar de Oreja. Cata de vinos en Chinch\u00f3n o Bodegas Pablo Morate en Valdelaguna.Posibilidad de almuerzo en famosas Cuevas-Almazara. Visitas a Pueblos Medievales. Explicaciones de monumentos medievales. Tratamiento VIP.<\/p><p><br \/>A las 10 horas, le recogemos en su hotel y en un coche ejecutivo, le trasladaremos a la vega m\u00e1s f\u00e9rtil de Madrid, la Subzona de Arganda del Rey, D.O. Madrid. Las tintas Tempranillo y Garnacha, y las blancas Air\u00e9n, Malvar y Albillo son las principales variedades de uva.<\/p><p><br \/>Nos dirigimos por la N-III a Tielmes, donde visitaremos A Bodega y Almazara en las bodegas \u00abTagonius\u00bb, y haremos una cata de un vino que en 10 a\u00f1os alcanza una puntuaci\u00f3n de 95 puntos seg\u00fan R.Parker.<br \/>Continuaremos hasta Valdelaguna, donde no s\u00f3lo degustaremos los vinos de esta bodega (Pablo Morate) sino que admiraremos el \u00abMuseo del Vino\u00bb en una casa solariega del siglo XVIII.<\/p><p><br \/>A las 14:00 horas, visitaremos Chinch\u00f3n, pueblo medieval de Madrid, tambi\u00e9n famoso por sus vinos, su Plaza Mayor (Toros, Teatro), su Castillo del siglo XV, su Monasterio de los Agustinos (hoy Parador de Turismo) y un Famoso Restaurante (donde almorz\u00f3 Orson Wells) (antigua Casa de Labranza-Almazara del XVIII).<\/p><p><br \/>Y seguimos nuestra Ruta Enotur\u00edstica por Madrid en Colmenar de Oreja, donde visitaremos y degustaremos los vinos de Jes\u00fas D\u00edaz, ubicados en un antiguo convento franciscano del siglo XV, funcionando desde 1898 como bodega.<\/p><p><br \/>Adem\u00e1s, veremos su Plaza Mayor, construida sobre un barranco, por debajo del cual pasa un arroyo que da lugar a fuentes y abrevaderos. En la misma localidad, podremos echar un vistazo al Museo del Checo Ulpiano, pintor nativo, rom\u00e1ntico, paisajista e impresionista.<\/p><p><br \/><strong>Duraci\u00f3n: 9 horas. Grupos<\/strong><strong> para 1- 4 personas en coche privado confort. Con ni\u00f1os hasta 6 personas.<\/strong><\/p><p><br \/><strong>Entradas incluidas en la bodega m\u00e1s antigua de Madrid \u00abun antiguo convento del siglo XV\u00bb B.I.C. por el Patronato de Turismo de Madrid.<\/strong><br \/><br \/><\/p>\t\t\t\t\t\t\t\t<\/div>\n\t\t\t\t<\/div>\n\t\t\t\t\t<\/div>\n\t\t<\/div>\n\t\t\t\t\t<\/div>\n\t\t<\/section>\n\t\t\t\t\t<\/div>\n\t\t<\/div>\n\t\t\t\t\t<\/div>\n\t\t<\/section>\n\t\t\t\t<section class=\"elementor-section elementor-top-section elementor-element elementor-element-2dd2948 elementor-section-boxed elementor-section-height-default elementor-section-height-default\" data-id=\"2dd2948\" data-element_type=\"section\">\n\t\t\t\t\t\t<div class=\"elementor-container elementor-column-gap-default\">\n\t\t\t\t\t<div class=\"elementor-column elementor-col-100 elementor-top-column elementor-element elementor-element-b65f237\" data-id=\"b65f237\" data-element_type=\"column\">\n\t\t\t<div class=\"elementor-widget-wrap elementor-element-populated\">\n\t\t\t\t\t\t<div class=\"elementor-element elementor-element-33c1016 elementor-widget elementor-widget-spacer\" data-id=\"33c1016\" data-element_type=\"widget\" data-widget_type=\"spacer.default\">\n\t\t\t\t<div class=\"elementor-widget-container\">\n\t\t\t\t\t\t\t<div class=\"elementor-spacer\">\n\t\t\t<div class=\"elementor-spacer-inner\"><\/div>\n\t\t<\/div>\n\t\t\t\t\t\t<\/div>\n\t\t\t\t<\/div>\n\t\t\t\t\t<\/div>\n\t\t<\/div>\n\t\t\t\t\t<\/div>\n\t\t<\/section>\n\t\t\t\t<section class=\"elementor-section elementor-top-section elementor-element elementor-element-d4dd3b6 elementor-section-boxed elementor-section-height-default elementor-section-height-default\" data-id=\"d4dd3b6\" data-element_type=\"section\">\n\t\t\t\t\t\t<div class=\"elementor-container elementor-column-gap-default\">\n\t\t\t\t\t<div class=\"elementor-column elementor-col-100 elementor-top-column elementor-element elementor-element-5d8248e\" data-id=\"5d8248e\" data-element_type=\"column\">\n\t\t\t<div class=\"elementor-widget-wrap elementor-element-populated\">\n\t\t\t\t\t\t<div class=\"elementor-element elementor-element-0dcd290 elementor-widget elementor-widget-heading\" data-id=\"0dcd290\" data-element_type=\"widget\" data-widget_type=\"heading.default\">\n\t\t\t\t<div class=\"elementor-widget-container\">\n\t\t\t\t\t<h2 class=\"elementor-heading-title elementor-size-default\">Vip Tour Ribera del Duero<\/h2>\t\t\t\t<\/div>\n\t\t\t\t<\/div>\n\t\t\t\t<div class=\"elementor-element elementor-element-9ad2337 elementor-widget elementor-widget-heading\" data-id=\"9ad2337\" data-element_type=\"widget\" data-widget_type=\"heading.default\">\n\t\t\t\t<div class=\"elementor-widget-container\">\n\t\t\t\t\t<h2 class=\"elementor-heading-title elementor-size-default\">Modalidad: Grupos 1 a 4  personas | Con ni\u00f1os hasta 6 personas<\/h2>\t\t\t\t<\/div>\n\t\t\t\t<\/div>\n\t\t\t\t\t<\/div>\n\t\t<\/div>\n\t\t\t\t\t<\/div>\n\t\t<\/section>\n\t\t\t\t<section class=\"elementor-section elementor-top-section elementor-element elementor-element-d9eda23 elementor-section-boxed elementor-section-height-default elementor-section-height-default\" data-id=\"d9eda23\" data-element_type=\"section\">\n\t\t\t\t\t\t<div class=\"elementor-container elementor-column-gap-default\">\n\t\t\t\t\t<div class=\"elementor-column elementor-col-100 elementor-top-column elementor-element elementor-element-c000eac\" data-id=\"c000eac\" data-element_type=\"column\">\n\t\t\t<div class=\"elementor-widget-wrap elementor-element-populated\">\n\t\t\t\t\t\t<section class=\"elementor-section elementor-inner-section elementor-element elementor-element-ca5ebba elementor-section-boxed elementor-section-height-default elementor-section-height-default\" data-id=\"ca5ebba\" data-element_type=\"section\">\n\t\t\t\t\t\t<div class=\"elementor-container elementor-column-gap-default\">\n\t\t\t\t\t<div class=\"elementor-column elementor-col-50 elementor-inner-column elementor-element elementor-element-024d8be\" data-id=\"024d8be\" data-element_type=\"column\">\n\t\t\t<div class=\"elementor-widget-wrap elementor-element-populated\">\n\t\t\t\t\t\t<div class=\"elementor-element elementor-element-514f184 elementor-widget elementor-widget-image\" data-id=\"514f184\" data-element_type=\"widget\" data-widget_type=\"image.default\">\n\t\t\t\t<div class=\"elementor-widget-container\">\n\t\t\t\t\t\t\t\t\t\t\t\t\t\t\t<img decoding=\"async\" width=\"800\" height=\"800\" src=\"https:\/\/privatemadridguidedtours.com\/wp-content\/uploads\/2022\/09\/viptourriberaduero-1024x1024.jpg\" class=\"attachment-large size-large wp-image-262\" alt=\"\" srcset=\"https:\/\/privatemadridguidedtours.com\/wp-content\/uploads\/2022\/09\/viptourriberaduero-1024x1024.jpg 1024w, https:\/\/privatemadridguidedtours.com\/wp-content\/uploads\/2022\/09\/viptourriberaduero-300x300.jpg 300w, https:\/\/privatemadridguidedtours.com\/wp-content\/uploads\/2022\/09\/viptourriberaduero-150x150.jpg 150w, https:\/\/privatemadridguidedtours.com\/wp-content\/uploads\/2022\/09\/viptourriberaduero-768x768.jpg 768w, https:\/\/privatemadridguidedtours.com\/wp-content\/uploads\/2022\/09\/viptourriberaduero-1536x1536.jpg 1536w, https:\/\/privatemadridguidedtours.com\/wp-content\/uploads\/2022\/09\/viptourriberaduero-2048x2048.jpg 2048w\" sizes=\"(max-width: 800px) 100vw, 800px\" \/>\t\t\t\t\t\t\t\t\t\t\t\t\t\t\t<\/div>\n\t\t\t\t<\/div>\n\t\t\t\t\t<\/div>\n\t\t<\/div>\n\t\t\t\t<div class=\"elementor-column elementor-col-50 elementor-inner-column elementor-element elementor-element-55b0162\" data-id=\"55b0162\" data-element_type=\"column\">\n\t\t\t<div class=\"elementor-widget-wrap elementor-element-populated\">\n\t\t\t\t\t\t<div class=\"elementor-element elementor-element-76ef898 elementor-widget elementor-widget-text-editor\" data-id=\"76ef898\" data-element_type=\"widget\" data-widget_type=\"text-editor.default\">\n\t\t\t\t<div class=\"elementor-widget-container\">\n\t\t\t\t\t\t\t\t\t<p>Visita al Museo del Vino en el espectacular Castillo Medieval de Pe\u00f1afiel. Transporte de ida y vuelta a Madrid. Visitas a Bodegas de la mano de un experto en vinos y Gu\u00eda de Patrimonio. Transporte en coche ejecutivo Minivan. Incluye una cata de Bodegas de Ribera del Duero. Posibilidad de Almuerzo sobre un Molino de Agua en el r\u00edo. Trato VIP.<\/p><p><br \/>A las 10 de la ma\u00f1ana le recogemos en su hotel para ir a la Ribera del Duero, a 1 hora y 45 minutos de Madrid. Nuestra ruta Madrid N-III hasta Aranda D., giro a la N-122 hasta Pe\u00f1afiel y alrededores.visitaremos cuatro de las mejores bodegas de esta regi\u00f3n, Cepa 21, Vi\u00f1a Pesquera o Arzuaga, Vit.Valbuena y Bodega Emina (Grupo Matarromera).<\/p><p><br \/>A las 12 horas visita a la \u00abBodega Cepa 21\u00bb para una Cata de Vinos.A las 12 horas visita a la \u00abBodega Emina\u00bb -disfrutaremos del \u00abCentro de Interpretaci\u00f3n del Vino y del Duero\u00bb, del Jard\u00edn de las Variedades, y de la Bodega con una Cata Profesional de Vinos, probando los mejores vinos de la bodega.<\/p><p><br \/>A continuaci\u00f3n, breve visita a la Bodega Vit. Valbuena.<br \/>16 p.m. visitaremos el Museo del Vino de Pe\u00f1afiel, situado en el interior del Casthe.<\/p><p><br \/>17.30 p. m . volvemos a Madrid y le dejamos en su Hotel , dos horas despu\u00e9s<\/p><p><strong>Duraci\u00f3n de la excursi\u00f3n: 12 horas.Hasta 4 personas en coche privado.\u00a0 Si hay ni\u00f1os, hasta 6 PAX. Entradas al Museo de Pe\u00f1afiel incluidas.<\/strong><br \/><strong>Almuerzo y degustaci\u00f3n en bodegas, por cuenta propia.<\/strong><br \/><br \/><\/p>\t\t\t\t\t\t\t\t<\/div>\n\t\t\t\t<\/div>\n\t\t\t\t\t<\/div>\n\t\t<\/div>\n\t\t\t\t\t<\/div>\n\t\t<\/section>\n\t\t\t\t\t<\/div>\n\t\t<\/div>\n\t\t\t\t\t<\/div>\n\t\t<\/section>\n\t\t\t\t<section class=\"elementor-section elementor-top-section elementor-element elementor-element-2f44db3 elementor-section-boxed elementor-section-height-default elementor-section-height-default\" data-id=\"2f44db3\" data-element_type=\"section\">\n\t\t\t\t\t\t<div class=\"elementor-container elementor-column-gap-default\">\n\t\t\t\t\t<div class=\"elementor-column elementor-col-100 elementor-top-column elementor-element elementor-element-099be90\" data-id=\"099be90\" data-element_type=\"column\">\n\t\t\t<div class=\"elementor-widget-wrap elementor-element-populated\">\n\t\t\t\t\t\t<div class=\"elementor-element elementor-element-d2d3e83 elementor-widget elementor-widget-spacer\" data-id=\"d2d3e83\" data-element_type=\"widget\" data-widget_type=\"spacer.default\">\n\t\t\t\t<div class=\"elementor-widget-container\">\n\t\t\t\t\t\t\t<div class=\"elementor-spacer\">\n\t\t\t<div class=\"elementor-spacer-inner\"><\/div>\n\t\t<\/div>\n\t\t\t\t\t\t<\/div>\n\t\t\t\t<\/div>\n\t\t\t\t\t<\/div>\n\t\t<\/div>\n\t\t\t\t\t<\/div>\n\t\t<\/section>\n\t\t\t\t<\/div>\n\t\t","protected":false},"excerpt":{"rendered":"<p>RUTAS GASTRON\u00d3MICAS TAPAS Y VINOS Madrid Tapas Tour Conozca el verdadero estilo de vida espa\u00f1ol con la comida y la bebida tradicionales. Nuestro objetivo es dejarle con un sentimiento duradero por la ciudad y su gente, mientras se deleita con fabulosas tapas y bebidas. En la visita repasaremos los or\u00edgenes hist\u00f3ricos de las tapas en [&hellip;]<\/p>\n","protected":false},"author":1,"featured_media":0,"parent":20,"menu_order":1,"comment_status":"closed","ping_status":"closed","template":"","meta":{"footnotes":""},"class_list":["post-36","page","type-page","status-publish","hentry"],"jetpack_sharing_enabled":true,"_links":{"self":[{"href":"https:\/\/privatemadridguidedtours.com\/index.php?rest_route=\/wp\/v2\/pages\/36","targetHints":{"allow":["GET"]}}],"collection":[{"href":"https:\/\/privatemadridguidedtours.com\/index.php?rest_route=\/wp\/v2\/pages"}],"about":[{"href":"https:\/\/privatemadridguidedtours.com\/index.php?rest_route=\/wp\/v2\/types\/page"}],"author":[{"embeddable":true,"href":"https:\/\/privatemadridguidedtours.com\/index.php?rest_route=\/wp\/v2\/users\/1"}],"replies":[{"embeddable":true,"href":"https:\/\/privatemadridguidedtours.com\/index.php?rest_route=%2Fwp%2Fv2%2Fcomments&post=36"}],"version-history":[{"count":10,"href":"https:\/\/privatemadridguidedtours.com\/index.php?rest_route=\/wp\/v2\/pages\/36\/revisions"}],"predecessor-version":[{"id":265,"href":"https:\/\/privatemadridguidedtours.com\/index.php?rest_route=\/wp\/v2\/pages\/36\/revisions\/265"}],"up":[{"embeddable":true,"href":"https:\/\/privatemadridguidedtours.com\/index.php?rest_route=\/wp\/v2\/pages\/20"}],"wp:attachment":[{"href":"https:\/\/privatemadridguidedtours.com\/index.php?rest_route=%2Fwp%2Fv2%2Fmedia&parent=36"}],"curies":[{"name":"wp","href":"https:\/\/api.w.org\/{rel}","templated":true}]}}